{"id":6255,"date":"2025-05-20T13:51:34","date_gmt":"2025-05-20T11:51:34","guid":{"rendered":"https:\/\/akkuenergiesysteme.de\/standoktober2024?page_id=6255"},"modified":"2025-06-06T11:31:04","modified_gmt":"2025-06-06T09:31:04","slug":"productoverview-energysolution","status":"publish","type":"page","link":"https:\/\/akkuenergiesysteme.de\/en\/productoverview-energysolution\/","title":{"rendered":"Product overview Energy Solution"},"content":{"rendered":"<div class=\"wpb-content-wrapper\"><p>[vc_row equal_height=&#8221;yes&#8221; css=&#8221;.vc_custom_1637276724395{margin-bottom: -30px !important;}&#8221;][vc_column css_animation=&#8221;none&#8221; el_class=&#8221;service-column&#8221;][vc_custom_heading text=&#8221;Energy Solution&#8221; font_container=&#8221;tag:h1|text_align:center&#8221; use_theme_fonts=&#8221;yes&#8221; css=&#8221;&#8221;][vc_row_inner css=&#8221;.vc_custom_1637932777846{padding-bottom: 10px !important;}&#8221;][vc_column_inner width=&#8221;1\/4&#8243;][\/vc_column_inner][vc_column_inner width=&#8221;1\/2&#8243; offset=&#8221;vc_hidden-lg vc_hidden-md vc_hidden-sm vc_hidden-xs&#8221;][vc_column_text]<\/p>\n<p class=\"p1\" style=\"text-align: center;\"><span class=\"s1\">Wir versorgen Sie mit leistungsstarken und zuverl\u00e4ssigen Energiespeichern, die Ihre eBike-Flotte wesentlich rentabler machen.<span class=\"Apple-converted-space\">\u00a0<\/span><\/span><\/p>\n<p class=\"p1\" style=\"text-align: center;\"><span class=\"s1\">AES LiFePO4-Akkus wurden f\u00fcr den h\u00e4rtesten Einsatz im<span class=\"Apple-converted-space\">\u00a0<\/span><\/span><span class=\"s1\">Logistikbereich entwickelt und \u00fcberzeugen durch hohe Robustheit und Wirtschaftlichkeit. Sie basieren auf unserer \u00e4u\u00dferst sicheren Lithium-Eisenphosphat-Technologie und finden auch im Consumer-Bereich zunehmend Anwendung.<span class=\"Apple-converted-space\">\u00a0<\/span><\/span><\/p>\n<p class=\"p1\" style=\"text-align: center;\"><span class=\"s1\">Erfahren Sie mehr \u00fcber unsere langlebigen und nachhaltigen AES LiFePO4-Akkus.<br \/>\n<\/span><\/p>\n<p>[\/vc_column_text][\/vc_column_inner][vc_column_inner width=&#8221;1\/4&#8243;][\/vc_column_inner][\/vc_row_inner][\/vc_column][\/vc_row][vc_row][vc_column width=&#8221;1\/2&#8243;][vc_single_image image=&#8221;5731&#8243; img_size=&#8221;full&#8221; alignment=&#8221;center&#8221; onclick=&#8221;custom_link&#8221; css=&#8221;&#8221; link=&#8221;\/en\/stromkiste\/&#8221;][vc_custom_heading text=&#8221;Stromkiste&#8221; font_container=&#8221;tag:h4|text_align:center&#8221; use_theme_fonts=&#8221;yes&#8221; css=&#8221;.vc_custom_1747745492192{margin-top: -15px !important;margin-bottom: 20px !important;}&#8221; link=&#8221;url:https%3A%2F%2Fakkuenergiesysteme.de%2Fen%2Fstromkiste%2F|title:AES%20Stromkiste|&#8221;][vc_raw_html css=&#8221;&#8221; el_class=&#8221;contact-link&#8221;]JTNDYSUyMGhyZWYlM0QlMjIlMkZlbiUyRnN0cm9ta2lzdGUlMkYlMjIlM0VNb3JlJTIwSW5mb3MlM0MlMkZhJTNF[\/vc_raw_html][\/vc_column][vc_column width=&#8221;1\/2&#8243;][vc_single_image image=&#8221;6199&#8243; img_size=&#8221;full&#8221; alignment=&#8221;center&#8221; onclick=&#8221;custom_link&#8221; css=&#8221;&#8221; link=&#8221;\/en\/stromkiste-xl\/&#8221;][vc_custom_heading text=&#8221;Stromkiste XL&#8221; font_container=&#8221;tag:h4|text_align:center&#8221; use_theme_fonts=&#8221;yes&#8221; css=&#8221;.vc_custom_1749202212559{margin-top: -15px !important;margin-bottom: 20px !important;}&#8221; link=&#8221;url:https%3A%2F%2Fakkuenergiesysteme.de%2Fen%2Fstromkiste-xl%2F|title:AES%20Stromkiste%20XL&#8221;][vc_raw_html css=&#8221;&#8221; el_class=&#8221;contact-link&#8221;]JTNDYSUyMGhyZWYlM0QlMjIlMkZlbiUyRnN0cm9ta2lzdGUteGwlMkYlMjIlM0VNb3JlJTIwSW5mb3MlM0MlMkZhJTNF[\/vc_raw_html][\/vc_column][\/vc_row][vc_row][vc_column width=&#8221;1\/2&#8243;][vc_single_image image=&#8221;6210&#8243; img_size=&#8221;full&#8221; alignment=&#8221;center&#8221; onclick=&#8221;custom_link&#8221; css=&#8221;&#8221; link=&#8221;\/en\/energyhub&#8221;][vc_custom_heading text=&#8221;EnergyHub&#8221; font_container=&#8221;tag:h4|text_align:center&#8221; use_theme_fonts=&#8221;yes&#8221; css=&#8221;.vc_custom_1747745440690{margin-top: -15px !important;margin-bottom: 20px !important;}&#8221; link=&#8221;url:https%3A%2F%2Fakkuenergiesysteme.de%2Fen%2Fenergyhub%2F|title:EnergyHub&#8221;][vc_raw_html css=&#8221;&#8221; el_class=&#8221;contact-link&#8221;]JTNDYSUyMGhyZWYlM0QlMjIlMkZlbiUyRmVuZXJneWh1YiUyRiUyMiUzRU1vcmUlMjBJbmZvcyUzQyUyRmElM0U=[\/vc_raw_html][\/vc_column][vc_column width=&#8221;1\/2&#8243;][vc_single_image image=&#8221;6333&#8243; img_size=&#8221;full&#8221; alignment=&#8221;center&#8221; onclick=&#8221;custom_link&#8221; css=&#8221;&#8221; link=&#8221;\/en\/ces&#8221;][vc_custom_heading text=&#8221;Customizable Energy Solution&#8221; font_container=&#8221;tag:h4|text_align:center&#8221; use_theme_fonts=&#8221;yes&#8221; css=&#8221;.vc_custom_1747745556698{margin-top: -15px !important;margin-bottom: 20px !important;}&#8221; link=&#8221;url:https%3A%2F%2Fakkuenergiesysteme.de%2Fen%2Fces%2F|title:Customizable%20Energy%20Solution&#8221;][vc_raw_html css=&#8221;&#8221; el_class=&#8221;contact-link&#8221;]JTNDYSUyMGhyZWYlM0QlMjIlMkZlbiUyRmNlcyUyRiUyMiUzRU1vcmUlMjBJbmZvcyUzQyUyRmElM0U=[\/vc_raw_html][\/vc_column][\/vc_row]<\/p>\n<\/div>","protected":false},"excerpt":{"rendered":"<p>[vc_row equal_height=&#8221;yes&#8221; css=&#8221;.vc_custom_1637276724395{margin-bottom: -30px !important;}&#8221;][vc_column css_animation=&#8221;none&#8221; el_class=&#8221;service-column&#8221;][vc_custom_heading text=&#8221;Energy Solution&#8221; font_container=&#8221;tag:h1|text_align:center&#8221; use_theme_fonts=&#8221;yes&#8221; css=&#8221;&#8221;][vc_row_inner css=&#8221;.vc_custom_1637932777846{padding-bottom: 10px !important;}&#8221;][vc_column_inner width=&#8221;1\/4&#8243;][\/vc_column_inner][vc_column_inner width=&#8221;1\/2&#8243; offset=&#8221;vc_hidden-lg vc_hidden-md vc_hidden-sm vc_hidden-xs&#8221;][vc_column_text] Wir versorgen Sie mit leistungsstarken und zuverl\u00e4ssigen Energiespeichern, die Ihre eBike-Flotte wesentlich rentabler machen.\u00a0 AES LiFePO4-Akkus wurden f\u00fcr den h\u00e4rtesten Einsatz im\u00a0Logistikbereich entwickelt und \u00fcberzeugen durch hohe Robustheit und Wirtschaftlichkeit. Sie basieren auf unserer&hellip;<\/p>\n","protected":false},"author":4,"featured_media":0,"parent":0,"menu_order":0,"comment_status":"closed","ping_status":"closed","template":"","meta":{"_acf_changed":false,"inline_featured_image":false,"footnotes":""},"class_list":["post-6255","page","type-page","status-publish","hentry"],"acf":[],"_links":{"self":[{"href":"https:\/\/akkuenergiesysteme.de\/en\/wp-json\/wp\/v2\/pages\/6255","targetHints":{"allow":["GET"]}}],"collection":[{"href":"https:\/\/akkuenergiesysteme.de\/en\/wp-json\/wp\/v2\/pages"}],"about":[{"href":"https:\/\/akkuenergiesysteme.de\/en\/wp-json\/wp\/v2\/types\/page"}],"author":[{"embeddable":true,"href":"https:\/\/akkuenergiesysteme.de\/en\/wp-json\/wp\/v2\/users\/4"}],"replies":[{"embeddable":true,"href":"https:\/\/akkuenergiesysteme.de\/en\/wp-json\/wp\/v2\/comments?post=6255"}],"version-history":[{"count":12,"href":"https:\/\/akkuenergiesysteme.de\/en\/wp-json\/wp\/v2\/pages\/6255\/revisions"}],"predecessor-version":[{"id":6687,"href":"https:\/\/akkuenergiesysteme.de\/en\/wp-json\/wp\/v2\/pages\/6255\/revisions\/6687"}],"wp:attachment":[{"href":"https:\/\/akkuenergiesysteme.de\/en\/wp-json\/wp\/v2\/media?parent=6255"}],"curies":[{"name":"wp","href":"https:\/\/api.w.org\/{rel}","templated":true}]}}